{"id":1102,"date":"2026-04-17T07:06:48","date_gmt":"2026-04-17T07:06:48","guid":{"rendered":"https:\/\/www.simromi.org\/?page_id=1102"},"modified":"2026-04-17T11:35:14","modified_gmt":"2026-04-17T11:35:14","slug":"incidencia","status":"publish","type":"page","link":"https:\/\/www.simromi.org\/index.php\/incidencia\/","title":{"rendered":"incidencia"},"content":{"rendered":"\n<div class=\"wp-block-group alignfull incidencia-hero is-layout-constrained wp-block-group-is-layout-constrained\">\n<p class=\"incidencia-hero-eyebrow\">\u2014 INCIDENCIA SOCIO-POL\u00cdTICA \u2014<\/p>\n\n\n\n<h2 class=\"wp-block-heading incidencia-hero-title\">Incidencia Socio-Pol\u00edtica<\/h2>\n\n\n\n<p class=\"incidencia-hero-subtitle\">Acciones, reflexi\u00f3n y participaci\u00f3n para la transformaci\u00f3n social<\/p>\n<\/div>\n\n\n\n<div class=\"wp-block-group alignfull simromi-colaboran-section is-layout-constrained wp-block-group-is-layout-constrained\">\n<div class=\"incidencia-intro\">\r\n  <p>\r\n    Desde Sim Romi participamos activamente en espacios institucionales donde llevamos la voz y las necesidades de las mujeres gitanas. Nuestra presencia en consejos, comisiones y mesas de trabajo nos permite incidir en pol\u00edticas p\u00fablicas que impactan directamente en la vida de nuestra comunidad, promoviendo la igualdad real y la inclusi\u00f3n social desde dentro de las instituciones.\r\n  <\/p>\r\n<\/div>\n\n\n\n<div class=\"incidencia-divider\">\n  <span class=\"incidencia-divider-line incidencia-divider-line-left\"><\/span>\n\n  <span class=\"incidencia-divider-icon\" aria-hidden=\"true\">\n       <svg viewBox=\"0 0 24 24\" fill=\"none\" stroke=\"currentColor\" stroke-width=\"1.8\" stroke-linecap=\"round\" stroke-linejoin=\"round\" aria-hidden=\"true\">\n      <path d=\"M3 9.5 12 4l9 5.5\"\/>\n      <path d=\"M5 10h14\"\/>\n      <path d=\"M6.5 10v7\"\/>\n      <path d=\"M10 10v7\"\/>\n      <path d=\"M14 10v7\"\/>\n      <path d=\"M17.5 10v7\"\/>\n      <path d=\"M4 20h16\"\/>\n    <\/svg>\n\n  <\/span>\n\n  <span class=\"incidencia-divider-line incidencia-divider-line-right\"><\/span>\n<\/div>\n\n\n\n<div class=\"wp-block-columns alignfull simromi-colaboran-grid is-layout-flex wp-container-core-columns-is-layout-28f84493 wp-block-columns-is-layout-flex\">\n<div class=\"wp-block-column is-layout-flow wp-block-column-is-layout-flow\" style=\"flex-basis:50%\">\n<div class=\"wp-block-group simromi-colaboran-card is-layout-constrained wp-block-group-is-layout-constrained\">\n<h2 class=\"wp-block-heading simromi-colaboran-card-title\">Gobierno Vasco<\/h2>\n\n\n\n<ul class=\"wp-block-list simromi-colaboran-list\">\n<li>Consejo Gitano (Comisi\u00f3n Gitana, Mujeres Gitanas, Salud, Empleo)<\/li>\n\n\n\n<li>Emakunde \u2013 SUCOBI<\/li>\n\n\n\n<li>Osakidetza \u2013 Cuidando la Salud del Pueblo Gitano<\/li>\n<\/ul>\n<\/div>\n\n\n\n<div class=\"wp-block-group simromi-colaboran-card is-layout-constrained wp-block-group-is-layout-constrained\">\n<h2 class=\"wp-block-heading simromi-colaboran-card-title\">Diputaci\u00f3n Foral de Bizkaia<\/h2>\n\n\n\n<ul class=\"wp-block-list simromi-colaboran-list\">\n<li>Consejo de Participaci\u00f3n de Mujeres \u2013 Presidencia 2024-2026<\/li>\n\n\n\n<li>Comisi\u00f3n Gestora desde 2022<\/li>\n\n\n\n<li>Comisi\u00f3n de Violencia Machista 2022-2024<\/li>\n\n\n\n<li>Comisi\u00f3n de Salud con Perspectiva de G\u00e9nero desde 2024<\/li>\n<\/ul>\n<\/div>\n\n\n\n<div class=\"wp-block-group simromi-colaboran-card is-layout-constrained wp-block-group-is-layout-constrained\">\n<h2 class=\"wp-block-heading simromi-colaboran-card-title\">Ayuntamientos<\/h2>\n\n\n\n<ul class=\"wp-block-list simromi-colaboran-list\">\n<li>Ayuntamiento de Bilbao<\/li>\n\n\n\n<li>Ayuntamiento de Barakaldo<\/li>\n<\/ul>\n<\/div>\n<\/div>\n\n\n\n<div class=\"wp-block-column is-layout-flow wp-block-column-is-layout-flow\" style=\"flex-basis:50%\">\n<div class=\"wp-block-group simromi-colaboran-image-wrap is-layout-constrained wp-block-group-is-layout-constrained\">\n<figure class=\"wp-block-image alignfull size-large simromi-colaboran-image simromi-img-top\"><img fetchpriority=\"high\" decoding=\"async\" width=\"1024\" height=\"768\" src=\"https:\/\/www.simromi.org\/wp-content\/uploads\/2026\/03\/JGERNIKA-2-1024x768.jpg\" alt=\"\" class=\"wp-image-920\" srcset=\"https:\/\/www.simromi.org\/wp-content\/uploads\/2026\/03\/JGERNIKA-2-1024x768.jpg 1024w, https:\/\/www.simromi.org\/wp-content\/uploads\/2026\/03\/JGERNIKA-2-300x225.jpg 300w, https:\/\/www.simromi.org\/wp-content\/uploads\/2026\/03\/JGERNIKA-2-768x576.jpg 768w, https:\/\/www.simromi.org\/wp-content\/uploads\/2026\/03\/JGERNIKA-2-1536x1152.jpg 1536w, https:\/\/www.simromi.org\/wp-content\/uploads\/2026\/03\/JGERNIKA-2.jpg 1600w\" sizes=\"(max-width: 1024px) 100vw, 1024px\" \/><\/figure>\n<\/div>\n\n\n\n<div class=\"wp-block-group simromi-colaboran-image-wrap is-layout-constrained wp-block-group-is-layout-constrained\">\n<figure class=\"wp-block-image alignfull size-large simromi-colaboran-image simromi-img-bottom\"><img decoding=\"async\" width=\"768\" height=\"1024\" src=\"https:\/\/www.simromi.org\/wp-content\/uploads\/2026\/03\/JGERNIKA-4-768x1024.jpg\" alt=\"\" class=\"wp-image-921\" srcset=\"https:\/\/www.simromi.org\/wp-content\/uploads\/2026\/03\/JGERNIKA-4-768x1024.jpg 768w, https:\/\/www.simromi.org\/wp-content\/uploads\/2026\/03\/JGERNIKA-4-225x300.jpg 225w, https:\/\/www.simromi.org\/wp-content\/uploads\/2026\/03\/JGERNIKA-4-1152x1536.jpg 1152w, https:\/\/www.simromi.org\/wp-content\/uploads\/2026\/03\/JGERNIKA-4.jpg 1536w\" sizes=\"(max-width: 768px) 100vw, 768px\" \/><\/figure>\n<\/div>\n<\/div>\n<\/div>\n<\/div>\n\n\n\n<div class=\"wp-block-group alignfull incidencia-actividades is-layout-constrained wp-block-group-is-layout-constrained\">\n<div class=\"wp-block-group incidencia-actividades-inner is-layout-constrained wp-block-group-is-layout-constrained\">\n<div class=\"incidencia-heading-top\">\n  <span class=\"incidencia-heading-top-line\"><\/span>\n  <span class=\"incidencia-heading-top-text\">NUESTRA VOZ<\/span>\n  <span class=\"incidencia-heading-top-line\"><\/span>\n<\/div>\n\n\n\n<h2 class=\"incidencia-actividades-titulo\">\n  Espacios donde llevamos la voz de las\n  <span class=\"incidencia-highlight\">mujeres gitanas<\/span>\n  para incidir en las\n  <span class=\"incidencia-highlight\">Pol\u00edticas P\u00fablicas<\/span>.\n<\/h2>\n\n\n\n<div class=\"incidencia-divider\">\n  <span class=\"incidencia-divider-line incidencia-divider-line-left\"><\/span>\n\n  <span class=\"incidencia-divider-icon\" aria-hidden=\"true\">\n        <svg viewBox=\"0 0 24 24\" fill=\"none\" xmlns=\"http:\/\/www.w3.org\/2000\/svg\">\n      <rect x=\"5\" y=\"6.5\" width=\"14\" height=\"12\" rx=\"2\" stroke=\"currentColor\" stroke-width=\"1.5\"\/>\n      <path d=\"M8 4.8V8\" stroke=\"currentColor\" stroke-width=\"1.5\" stroke-linecap=\"round\"\/>\n      <path d=\"M16 4.8V8\" stroke=\"currentColor\" stroke-width=\"1.5\" stroke-linecap=\"round\"\/>\n      <path d=\"M5 9.5H19\" stroke=\"currentColor\" stroke-width=\"1.5\" stroke-linecap=\"round\"\/>\n    <\/svg>\n  <\/span>\n\n  <span class=\"incidencia-divider-line incidencia-divider-line-right\"><\/span>\n<\/div>\n\n\n\n<div class=\"wp-block-group incidencia-cards-grid is-layout-constrained wp-block-group-is-layout-constrained\">\n<div class=\"wp-block-columns is-layout-flex wp-container-core-columns-is-layout-28f84493 wp-block-columns-is-layout-flex\">\n<div class=\"wp-block-column is-layout-flow wp-block-column-is-layout-flow\">\n<div class=\"wp-block-group incidencia-card is-layout-constrained wp-block-group-is-layout-constrained\">\n<figure class=\"wp-block-image size-large incidencia-card-image\"><img decoding=\"async\" width=\"1024\" height=\"768\" src=\"http:\/\/www.simromi.org\/wp-content\/uploads\/2026\/04\/IMG-20240417-WA00031-1024x768.jpg\" alt=\"\" class=\"wp-image-1124\" srcset=\"https:\/\/www.simromi.org\/wp-content\/uploads\/2026\/04\/IMG-20240417-WA00031-1024x768.jpg 1024w, https:\/\/www.simromi.org\/wp-content\/uploads\/2026\/04\/IMG-20240417-WA00031-300x225.jpg 300w, https:\/\/www.simromi.org\/wp-content\/uploads\/2026\/04\/IMG-20240417-WA00031-768x576.jpg 768w, https:\/\/www.simromi.org\/wp-content\/uploads\/2026\/04\/IMG-20240417-WA00031-1536x1152.jpg 1536w, https:\/\/www.simromi.org\/wp-content\/uploads\/2026\/04\/IMG-20240417-WA00031.jpg 2048w\" sizes=\"(max-width: 1024px) 100vw, 1024px\" \/><\/figure>\n\n\n\n<p class=\"incidencia-card-date\">\n  <span class=\"incidencia-card-date-icon\" aria-hidden=\"true\">\n    <svg viewBox=\"0 0 24 24\" fill=\"none\" xmlns=\"http:\/\/www.w3.org\/2000\/svg\">\n      <rect x=\"5\" y=\"6.5\" width=\"14\" height=\"12\" rx=\"2\" stroke=\"currentColor\" stroke-width=\"1.5\"\/>\n      <path d=\"M8 4.8V8\" stroke=\"currentColor\" stroke-width=\"1.5\" stroke-linecap=\"round\"\/>\n      <path d=\"M16 4.8V8\" stroke=\"currentColor\" stroke-width=\"1.5\" stroke-linecap=\"round\"\/>\n      <path d=\"M5 9.5H19\" stroke=\"currentColor\" stroke-width=\"1.5\" stroke-linecap=\"round\"\/>\n    <\/svg>\n  <\/span>\n  <span>17 abril 2025<\/span>\n<\/p>\n\n\n\n<p class=\"incidencia-card-title\"><strong>Batzoki PNV Barakaldo + Asociaciones Gitanas<\/strong><\/p>\n\n\n\n<p class=\"incidencia-card-link\"><a href=\"https:\/\/www.simromi.org\/index.php\/incidencia\/\" data-type=\"page\" data-id=\"1102\">Ver m\u00e1s<\/a><\/p>\n<\/div>\n<\/div>\n\n\n\n<div class=\"wp-block-column is-layout-flow wp-block-column-is-layout-flow\">\n<div class=\"wp-block-group incidencia-card is-layout-constrained wp-block-group-is-layout-constrained\">\n<figure class=\"wp-block-image size-large incidencia-card-image\"><img loading=\"lazy\" decoding=\"async\" width=\"1024\" height=\"768\" src=\"http:\/\/www.simromi.org\/wp-content\/uploads\/2026\/04\/PORTADA-1024x768.jpg\" alt=\"\" class=\"wp-image-1129\" srcset=\"https:\/\/www.simromi.org\/wp-content\/uploads\/2026\/04\/PORTADA-1024x768.jpg 1024w, https:\/\/www.simromi.org\/wp-content\/uploads\/2026\/04\/PORTADA-300x225.jpg 300w, https:\/\/www.simromi.org\/wp-content\/uploads\/2026\/04\/PORTADA-768x576.jpg 768w, https:\/\/www.simromi.org\/wp-content\/uploads\/2026\/04\/PORTADA-1536x1152.jpg 1536w, https:\/\/www.simromi.org\/wp-content\/uploads\/2026\/04\/PORTADA.jpg 1600w\" sizes=\"(max-width: 1024px) 100vw, 1024px\" \/><\/figure>\n\n\n\n<p class=\"incidencia-card-date\">\n  <span class=\"incidencia-card-date-icon\" aria-hidden=\"true\">\n    <svg viewBox=\"0 0 24 24\" fill=\"none\" xmlns=\"http:\/\/www.w3.org\/2000\/svg\">\n      <rect x=\"5\" y=\"6.5\" width=\"14\" height=\"12\" rx=\"2\" stroke=\"currentColor\" stroke-width=\"1.5\"\/>\n      <path d=\"M8 4.8V8\" stroke=\"currentColor\" stroke-width=\"1.5\" stroke-linecap=\"round\"\/>\n      <path d=\"M16 4.8V8\" stroke=\"currentColor\" stroke-width=\"1.5\" stroke-linecap=\"round\"\/>\n      <path d=\"M5 9.5H19\" stroke=\"currentColor\" stroke-width=\"1.5\" stroke-linecap=\"round\"\/>\n    <\/svg>\n  <\/span>\n  <span>23 febrero 2023<\/span>\n<\/p>\n\n\n\n<p class=\"incidencia-card-title\"><strong>Comunicaci\u00f3n, Feminismo y Asociacionismo (CPMB)<\/strong><\/p>\n\n\n\n<p class=\"incidencia-card-link\"><a href=\"https:\/\/www.simromi.org\/index.php\/incidencia\/\" data-type=\"page\" data-id=\"1102\">Ver m\u00e1s<\/a><\/p>\n<\/div>\n<\/div>\n\n\n\n<div class=\"wp-block-column is-layout-flow wp-block-column-is-layout-flow\">\n<div class=\"wp-block-group incidencia-card is-layout-constrained wp-block-group-is-layout-constrained\">\n<figure class=\"wp-block-image size-large incidencia-card-image\"><img loading=\"lazy\" decoding=\"async\" width=\"1024\" height=\"768\" src=\"http:\/\/www.simromi.org\/wp-content\/uploads\/2026\/04\/PORTADA-1-1024x768.jpg\" alt=\"\" class=\"wp-image-1136\" srcset=\"https:\/\/www.simromi.org\/wp-content\/uploads\/2026\/04\/PORTADA-1-1024x768.jpg 1024w, https:\/\/www.simromi.org\/wp-content\/uploads\/2026\/04\/PORTADA-1-300x225.jpg 300w, https:\/\/www.simromi.org\/wp-content\/uploads\/2026\/04\/PORTADA-1-768x576.jpg 768w, https:\/\/www.simromi.org\/wp-content\/uploads\/2026\/04\/PORTADA-1-1536x1152.jpg 1536w, https:\/\/www.simromi.org\/wp-content\/uploads\/2026\/04\/PORTADA-1.jpg 1600w\" sizes=\"(max-width: 1024px) 100vw, 1024px\" \/><\/figure>\n\n\n\n<p class=\"incidencia-card-date\">\n  <span class=\"incidencia-card-date-icon\" aria-hidden=\"true\">\n    <svg viewBox=\"0 0 24 24\" fill=\"none\" xmlns=\"http:\/\/www.w3.org\/2000\/svg\">\n      <rect x=\"5\" y=\"6.5\" width=\"14\" height=\"12\" rx=\"2\" stroke=\"currentColor\" stroke-width=\"1.5\"\/>\n      <path d=\"M8 4.8V8\" stroke=\"currentColor\" stroke-width=\"1.5\" stroke-linecap=\"round\"\/>\n      <path d=\"M16 4.8V8\" stroke=\"currentColor\" stroke-width=\"1.5\" stroke-linecap=\"round\"\/>\n      <path d=\"M5 9.5H19\" stroke=\"currentColor\" stroke-width=\"1.5\" stroke-linecap=\"round\"\/>\n    <\/svg>\n  <\/span>\n  <span>13 noviembre 2023<\/span>\n<\/p>\n\n\n\n<p class=\"incidencia-card-title\"><strong>25\u00ba Aniversario de Emakunde<\/strong><\/p>\n\n\n\n<p class=\"incidencia-card-link\"><a href=\"https:\/\/www.simromi.org\/index.php\/incidencia\/\" data-type=\"page\" data-id=\"1102\">Ver m\u00e1s<\/a><\/p>\n<\/div>\n<\/div>\n<\/div>\n<\/div>\n<\/div>\n<\/div>\n\n\n\n<p><\/p>\n","protected":false},"excerpt":{"rendered":"<p>\u2014 INCIDENCIA SOCIO-POL\u00cdTICA \u2014 Incidencia Socio-Pol\u00edtica Acciones, reflexi\u00f3n y participaci\u00f3n para la transformaci\u00f3n social Desde Sim Romi participamos activamente en [&hellip;]<\/p>\n","protected":false},"author":1,"featured_media":0,"parent":0,"menu_order":0,"comment_status":"closed","ping_status":"closed","template":"","meta":{"site-sidebar-layout":"default","site-content-layout":"","ast-site-content-layout":"default","site-content-style":"default","site-sidebar-style":"default","ast-global-header-display":"","ast-banner-title-visibility":"","ast-main-header-display":"","ast-hfb-above-header-display":"","ast-hfb-below-header-display":"","ast-hfb-mobile-header-display":"","site-post-title":"disabled","ast-breadcrumbs-content":"","ast-featured-img":"","footer-sml-layout":"","ast-disable-related-posts":"","theme-transparent-header-meta":"","adv-header-id-meta":"","stick-header-meta":"","header-above-stick-meta":"","header-main-stick-meta":"","header-below-stick-meta":"","astra-migrate-meta-layouts":"default","ast-page-background-enabled":"default","ast-page-background-meta":{"desktop":{"background-color":"var(--ast-global-color-5)","background-image":"","background-repeat":"repeat","background-position":"center center","background-size":"auto","background-attachment":"scroll","background-type":"","background-media":"","overlay-type":"","overlay-color":"","overlay-opacity":"","overlay-gradient":""},"tablet":{"background-color":"","background-image":"","background-repeat":"repeat","background-position":"center center","background-size":"auto","background-attachment":"scroll","background-type":"","background-media":"","overlay-type":"","overlay-color":"","overlay-opacity":"","overlay-gradient":""},"mobile":{"background-color":"","background-image":"","background-repeat":"repeat","background-position":"center center","background-size":"auto","background-attachment":"scroll","background-type":"","background-media":"","overlay-type":"","overlay-color":"","overlay-opacity":"","overlay-gradient":""}},"ast-content-background-meta":{"desktop":{"background-color":"var(--ast-global-color-4)","background-image":"","background-repeat":"repeat","background-position":"center center","background-size":"auto","background-attachment":"scroll","background-type":"","background-media":"","overlay-type":"","overlay-color":"","overlay-opacity":"","overlay-gradient":""},"tablet":{"background-color":"var(--ast-global-color-4)","background-image":"","background-repeat":"repeat","background-position":"center center","background-size":"auto","background-attachment":"scroll","background-type":"","background-media":"","overlay-type":"","overlay-color":"","overlay-opacity":"","overlay-gradient":""},"mobile":{"background-color":"var(--ast-global-color-4)","background-image":"","background-repeat":"repeat","background-position":"center center","background-size":"auto","background-attachment":"scroll","background-type":"","background-media":"","overlay-type":"","overlay-color":"","overlay-opacity":"","overlay-gradient":""}},"footnotes":""},"class_list":["post-1102","page","type-page","status-publish","hentry"],"_links":{"self":[{"href":"https:\/\/www.simromi.org\/index.php\/wp-json\/wp\/v2\/pages\/1102","targetHints":{"allow":["GET"]}}],"collection":[{"href":"https:\/\/www.simromi.org\/index.php\/wp-json\/wp\/v2\/pages"}],"about":[{"href":"https:\/\/www.simromi.org\/index.php\/wp-json\/wp\/v2\/types\/page"}],"author":[{"embeddable":true,"href":"https:\/\/www.simromi.org\/index.php\/wp-json\/wp\/v2\/users\/1"}],"replies":[{"embeddable":true,"href":"https:\/\/www.simromi.org\/index.php\/wp-json\/wp\/v2\/comments?post=1102"}],"version-history":[{"count":44,"href":"https:\/\/www.simromi.org\/index.php\/wp-json\/wp\/v2\/pages\/1102\/revisions"}],"predecessor-version":[{"id":1158,"href":"https:\/\/www.simromi.org\/index.php\/wp-json\/wp\/v2\/pages\/1102\/revisions\/1158"}],"wp:attachment":[{"href":"https:\/\/www.simromi.org\/index.php\/wp-json\/wp\/v2\/media?parent=1102"}],"curies":[{"name":"wp","href":"https:\/\/api.w.org\/{rel}","templated":true}]}}