{"id":2575,"date":"2026-05-05T10:08:58","date_gmt":"2026-05-05T10:08:58","guid":{"rendered":"https:\/\/www.simromi.org\/?page_id=2575"},"modified":"2026-05-05T11:24:22","modified_gmt":"2026-05-05T11:24:22","slug":"excavacion-en-barrika-cpmb","status":"publish","type":"page","link":"https:\/\/www.simromi.org\/index.php\/actividades\/excavacion-en-barrika-cpmb\/","title":{"rendered":"Excavaci\u00f3n en Barrika (CPMB)"},"content":{"rendered":"\n<div class=\"actividad-detalle-page\">\n\n  <section class=\"actividad-hero\" style=\"background-image: url('http:\/\/www.simromi.org\/wp-content\/uploads\/2026\/05\/PORTADA-15-scaled.jpg');\">\n    <div class=\"actividad-hero-overlay\"><\/div>\n\n    <div class=\"actividad-hero-inner\">\n      <a href=\"https:\/\/www.simromi.org\/index.php\/actividades\/\" class=\"actividad-volver\">Volver<\/a>\n\n      <h1 class=\"actividad-titulo\">Excavaci\u00f3n en Barrika (CPMB)<\/h1>\n\n      <div class=\"actividad-fecha\">21 Junio 2024<\/div>\n    <\/div>\n  <\/section>\n\n  <section class=\"actividad-contenido\">\n\n    <div class=\"actividad-descripcion-divider\">\n      <span class=\"actividad-descripcion-line\"><\/span>\n      <span class=\"actividad-descripcion-label\">SOBRE LA ACTIVIDAD<\/span>\n      <span class=\"actividad-descripcion-line\"><\/span>\n    <\/div>\n\n    <div class=\"actividad-descripcion\">\n     Visitamos un yacimiento de m\u00e1s de 40.000 a\u00f1os de antig\u00fcedad, donde nos acercaron a la historia del lugar y al papel fundamental de las mujeres arque\u00f3logas que han participado a lo largo de todo el proceso de excavaci\u00f3n.<br>\nA pesar de los intentos hist\u00f3ricos de invisibilizar sus aportaciones, Barrika cuenta con un equipo que ha documentado la presencia y el trabajo de las mujeres que han formado parte, y siguen formando parte, de este proceso hist\u00f3rico.<br>\nEncuentros enmarcados dentro de las salidas del Programa ONDOAN, desde el Consejo de Participaci\u00f3n de Mujeres de Bizkaia de la Diputaci\u00f3n Foral de Bizkaia (DFB).\n\n\n  <\/div>\n\n    <div class=\"actividad-descripcion-remate\">\n      <span class=\"actividad-remate-line\"><\/span>\n      <span class=\"actividad-remate-dot\"><\/span>\n      <span class=\"actividad-remate-line\"><\/span>\n    <\/div>\n\n    <div class=\"actividad-galeria-bloque\">\n\n      <div class=\"actividad-galeria-head\">\n        <div class=\"actividad-galeria-kicker\">GALER\u00cdA<\/div>\n <p class=\"actividad-galeria-subtexto\">Im\u00e1genes que guardan la memoria de nuestro trabajo y de quienes lo hacen posible.<\/p>\n        <span class=\"actividad-galeria-head-line\"><\/span>\n      <\/div>\n\n      <div class=\"actividad-galeria-grid-auto\">\n  <a href=\"http:\/\/www.simromi.org\/wp-content\/uploads\/2026\/05\/PORTADA-15-scaled.jpg\" class=\"actividad-galeria-item\" target=\"_blank\" rel=\"noopener\">\n  <img decoding=\"async\" src=\"http:\/\/www.simromi.org\/wp-content\/uploads\/2026\/05\/PORTADA-15-scaled.jpg\" alt=\"Excavaci\u00f3n en Barrika (CPMB) 1\">\n  <\/a>\n  <a href=\"http:\/\/www.simromi.org\/wp-content\/uploads\/2026\/05\/IMG20240621115627-scaled.jpg\" class=\"actividad-galeria-item\" target=\"_blank\" rel=\"noopener\">\n  <img decoding=\"async\" src=\"http:\/\/www.simromi.org\/wp-content\/uploads\/2026\/05\/IMG20240621115627-scaled.jpg\" alt=\"Excavaci\u00f3n en Barrika (CPMB) 2\">\n  <\/a>\n  <a href=\"http:\/\/www.simromi.org\/wp-content\/uploads\/2026\/05\/IMG20240621115450-scaled.jpg\" class=\"actividad-galeria-item\" target=\"_blank\" rel=\"noopener\">\n  <img decoding=\"async\" src=\"http:\/\/www.simromi.org\/wp-content\/uploads\/2026\/05\/IMG20240621115450-scaled.jpg\" alt=\"Excavaci\u00f3n en Barrika (CPMB) 3\">\n  <\/a>\n  <a href=\"http:\/\/www.simromi.org\/wp-content\/uploads\/2026\/05\/IMG20240621111045-scaled.jpg\" class=\"actividad-galeria-item\" target=\"_blank\" rel=\"noopener\">\n  <img decoding=\"async\" src=\"http:\/\/www.simromi.org\/wp-content\/uploads\/2026\/05\/IMG20240621111045-scaled.jpg\" alt=\"Excavaci\u00f3n en Barrika (CPMB) 4\">\n  <\/a>\n  <a href=\"http:\/\/www.simromi.org\/wp-content\/uploads\/2026\/05\/IMG20240621111013-scaled.jpg\" class=\"actividad-galeria-item\" target=\"_blank\" rel=\"noopener\">\n  <img decoding=\"async\" src=\"http:\/\/www.simromi.org\/wp-content\/uploads\/2026\/05\/IMG20240621111013-scaled.jpg\" alt=\"Excavaci\u00f3n en Barrika (CPMB) 5\">\n  <\/a>\n  <a href=\"http:\/\/www.simromi.org\/wp-content\/uploads\/2026\/05\/IMG-20240621-WA0030.jpg\" class=\"actividad-galeria-item\" target=\"_blank\" rel=\"noopener\">\n  <img decoding=\"async\" src=\"http:\/\/www.simromi.org\/wp-content\/uploads\/2026\/05\/IMG-20240621-WA0030.jpg\" alt=\"Excavaci\u00f3n en Barrika (CPMB) 6\">\n  <\/a>\n  <a href=\"http:\/\/www.simromi.org\/wp-content\/uploads\/2026\/05\/IMG-20240621-WA0026.jpg\" class=\"actividad-galeria-item\" target=\"_blank\" rel=\"noopener\">\n  <img decoding=\"async\" src=\"http:\/\/www.simromi.org\/wp-content\/uploads\/2026\/05\/IMG-20240621-WA0026.jpg\" alt=\"Excavaci\u00f3n en Barrika (CPMB) 7\">\n  <\/a>\n  <a href=\"http:\/\/www.simromi.org\/wp-content\/uploads\/2026\/05\/IMG-20240621-WA0025.jpg\" class=\"actividad-galeria-item\" target=\"_blank\" rel=\"noopener\">\n  <img decoding=\"async\" src=\"http:\/\/www.simromi.org\/wp-content\/uploads\/2026\/05\/IMG-20240621-WA0025.jpg\" alt=\"Excavaci\u00f3n en Barrika (CPMB) 8\">\n  <\/a>\n  <a href=\"http:\/\/www.simromi.org\/wp-content\/uploads\/2026\/05\/IMG-20240621-WA0013.jpg\" class=\"actividad-galeria-item\" target=\"_blank\" rel=\"noopener\">\n  <img decoding=\"async\" src=\"http:\/\/www.simromi.org\/wp-content\/uploads\/2026\/05\/IMG-20240621-WA0013.jpg\" alt=\"Excavaci\u00f3n en Barrika (CPMB) 9\">\n  <\/a>\n  <a href=\"http:\/\/www.simromi.org\/wp-content\/uploads\/2026\/05\/IMG-20240621-WA0010.jpg\" class=\"actividad-galeria-item\" target=\"_blank\" rel=\"noopener\">\n  <img decoding=\"async\" src=\"http:\/\/www.simromi.org\/wp-content\/uploads\/2026\/05\/IMG-20240621-WA0010.jpg\" alt=\"Excavaci\u00f3n en Barrika (CPMB) 10\">\n  <\/a>\n  <a href=\"http:\/\/www.simromi.org\/wp-content\/uploads\/2026\/05\/IMG-20240621-WA0008.jpg\" class=\"actividad-galeria-item\" target=\"_blank\" rel=\"noopener\">\n  <img decoding=\"async\" src=\"http:\/\/www.simromi.org\/wp-content\/uploads\/2026\/05\/IMG-20240621-WA0008.jpg\" alt=\"Excavaci\u00f3n en Barrika (CPMB) 11\">\n  <\/a>\n  <a href=\"http:\/\/www.simromi.org\/wp-content\/uploads\/2026\/05\/IMG-20240621-WA0007.jpg\" class=\"actividad-galeria-item\" target=\"_blank\" rel=\"noopener\">\n  <img decoding=\"async\" src=\"http:\/\/www.simromi.org\/wp-content\/uploads\/2026\/05\/IMG-20240621-WA0007.jpg\" alt=\"Excavaci\u00f3n en Barrika (CPMB) 12\">\n  <\/a>\n  <a href=\"http:\/\/www.simromi.org\/wp-content\/uploads\/2026\/05\/IMG-20240621-WA0002.jpg\" class=\"actividad-galeria-item\" target=\"_blank\" rel=\"noopener\">\n  <img decoding=\"async\" src=\"http:\/\/www.simromi.org\/wp-content\/uploads\/2026\/05\/IMG-20240621-WA0002.jpg\" alt=\"Excavaci\u00f3n en Barrika (CPMB) 13\">\n  <\/a>\n<\/div>\n\n    <\/div>\n\n  <\/section>\n\n<\/div>\n\n\n\n<div class=\"wp-block-group alignfull kdk-footer is-layout-constrained wp-block-group-is-layout-constrained\">\n<div class=\"wp-block-group alignfull kdk-footer-topline is-layout-constrained wp-block-group-is-layout-constrained\"><\/div>\n\n\n\n<div class=\"wp-block-group alignfull kdk-footer-main is-layout-constrained wp-block-group-is-layout-constrained\">\n<div class=\"wp-block-columns kdk-footer-columns is-layout-flex wp-container-core-columns-is-layout-28f84493 wp-block-columns-is-layout-flex\">\n<div class=\"wp-block-column kdk-footer-brand is-layout-flow wp-block-column-is-layout-flow\" style=\"flex-basis:30%\">\n<figure class=\"wp-block-image size-full\"><img fetchpriority=\"high\" decoding=\"async\" width=\"1315\" height=\"1458\" src=\"http:\/\/www.simromi.org\/wp-content\/uploads\/2026\/04\/logo_simromi_fondooscuro_sin.png\" alt=\"\" class=\"wp-image-1053\" srcset=\"https:\/\/www.simromi.org\/wp-content\/uploads\/2026\/04\/logo_simromi_fondooscuro_sin.png 1315w, https:\/\/www.simromi.org\/wp-content\/uploads\/2026\/04\/logo_simromi_fondooscuro_sin-271x300.png 271w, https:\/\/www.simromi.org\/wp-content\/uploads\/2026\/04\/logo_simromi_fondooscuro_sin-924x1024.png 924w, https:\/\/www.simromi.org\/wp-content\/uploads\/2026\/04\/logo_simromi_fondooscuro_sin-768x852.png 768w\" sizes=\"(max-width: 1315px) 100vw, 1315px\" \/><\/figure>\n\n\n\n<h2 class=\"wp-block-heading kdk-brand-name\">Asociaci\u00f3n de Mujeres Gitanas<\/h2>\n\n\n\n<div class=\"wp-block-group kdk-footer-social is-layout-constrained wp-block-group-is-layout-constrained\">\n<div class=\"simromi-footer-social-wrapper\">\n  <div class=\"simromi-footer-social-header\">\n    <a href=\"https:\/\/www.facebook.com\/gitanassimromi?rdid=VqSJslIPdFP5lSzy&amp;share_url=https%3A%2F%2Fwww.facebook.com%2Fshare%2F18F2GeLYE1%2F#\" target=\"_blank\" rel=\"noopener\" aria-label=\"Facebook\">\n      <i class=\"fab fa-facebook-f\"><\/i>\n    <\/a>\n\n    <a href=\"https:\/\/www.instagram.com\/simromielkartea?igsh=enhvY3hncmtncWx6\" target=\"_blank\" rel=\"noopener\" aria-label=\"Instagram\">\n      <i class=\"fab fa-instagram\"><\/i>\n    <\/a>\n\n    <a href=\"https:\/\/www.youtube.com\/channel\/UCy1sWYrG1_iKQ4yBSM4G9pg\" target=\"_blank\" rel=\"noopener\" aria-label=\"YouTube\">\n      <i class=\"fab fa-youtube\"><\/i>\n    <\/a>\n\n    <a href=\"https:\/\/www.tiktok.com\/@gitanassimromi?_r=1&amp;_t=ZN-952GpYHZ9E3\" target=\"_blank\" rel=\"noopener\" aria-label=\"TikTok\">\n      <i class=\"fab fa-tiktok\"><\/i>\n    <\/a>\n  <\/div>\n<\/div>\n<\/div>\n<\/div>\n\n\n\n<div class=\"wp-block-column is-layout-flow wp-block-column-is-layout-flow\" style=\"flex-basis:2%\"><\/div>\n\n\n\n<div class=\"wp-block-column kdk-footer-col is-layout-flow wp-block-column-is-layout-flow\" style=\"flex-basis:19%\">\n<h2 class=\"wp-block-heading kdk-footer-title\">NAVEGACI\u00d3N<\/h2>\n\n\n\n<ul class=\"wp-block-list kdk-footer-links\">\n<li><a href=\"https:\/\/www.simromi.org\/\" data-type=\"link\" data-id=\"https:\/\/www.simromi.org\/\">Inicio<\/a><\/li>\n\n\n\n<li><a href=\"https:\/\/www.simromi.org\/index.php\/actividades\/\">Actividades<\/a><\/li>\n\n\n\n<li><a href=\"https:\/\/www.simromi.org\/index.php\/incidencia-socio-politica\/\" data-type=\"link\" data-id=\"https:\/\/www.simromi.org\/index.php\/incidencia-socio-politica\/\">Incidencia Socio-pol\u00edtica<\/a><\/li>\n\n\n\n<li><a href=\"https:\/\/www.simromi.org\/index.php\/somos-noticia\/\" data-type=\"link\" data-id=\"https:\/\/www.simromi.org\/index.php\/somos-noticia\/\">Somos noticia<\/a><\/li>\n\n\n\n<li><a href=\"https:\/\/www.simromi.org\/index.php\/documentacion\/\" data-type=\"link\" data-id=\"https:\/\/www.simromi.org\/index.php\/documentacion\/\">Documentaci\u00f3n<\/a><\/li>\n\n\n\n<li><a href=\"https:\/\/www.simromi.org\/index.php\/contactanos\/\" data-type=\"link\" data-id=\"https:\/\/www.simromi.org\/index.php\/contactanos\/\">Cont\u00e1ctanos<\/a><\/li>\n<\/ul>\n<\/div>\n\n\n\n<div class=\"wp-block-column kdk-footer-col is-layout-flow wp-block-column-is-layout-flow\" style=\"flex-basis:24%\">\n<h2 class=\"wp-block-heading kdk-footer-title\">CONTACTO<\/h2>\n\n\n\n<div class=\"wp-block-group kdk-footer-contact is-layout-constrained wp-block-group-is-layout-constrained\">\n<div class=\"kdk-footer-contact\">\n\n  <!-- SEDES -->\n  <div class=\"kdk-contact-group kdk-contact-sedes\">\n\n    <div class=\"kdk-sede-item\">\n      <span class=\"kdk-sede-label\">Sede Bilbao<\/span>\n\n      <span class=\"kdk-location-tooltip\" tabindex=\"0\" aria-label=\"Ver direcci\u00f3n sede Bilbao\">\n        <svg viewBox=\"0 0 24 24\" fill=\"none\" stroke=\"currentColor\" stroke-width=\"2\">\n          <path d=\"M21 10c0 7-9 13-9 13S3 17 3 10a9 9 0 1 1 18 0z\"><\/path>\n          <circle cx=\"12\" cy=\"10\" r=\"3\"><\/circle>\n        <\/svg>\n        <span class=\"kdk-tooltip-box\">\n          C\/ Ondarroa 14 bajo puerta 4<br>\n          48004 Bilbao, Bizkaia\n        <\/span>\n      <\/span>\n    <\/div>\n\n    <div class=\"kdk-sede-item\">\n      <span class=\"kdk-sede-label\">Sede Barakaldo<\/span>\n\n      <span class=\"kdk-location-tooltip\" tabindex=\"0\" aria-label=\"Ver direcci\u00f3n sede Barakaldo\">\n        <svg viewBox=\"0 0 24 24\" fill=\"none\" stroke=\"currentColor\" stroke-width=\"2\">\n          <path d=\"M21 10c0 7-9 13-9 13S3 17 3 10a9 9 0 1 1 18 0z\"><\/path>\n          <circle cx=\"12\" cy=\"10\" r=\"3\"><\/circle>\n        <\/svg>\n        <span class=\"kdk-tooltip-box\">\n          C\/ La Paz 6<br>\n          48902 Barakaldo, Bizkaia\n        <\/span>\n      <\/span>\n    <\/div>\n\n  <\/div>\n\n  <!-- L\u00cdNEA SEPARADORA -->\n  <div class=\"kdk-contact-divider\"><\/div>\n\n  <!-- TEL\u00c9FONO -->\n  <div class=\"kdk-contact-row\">\n    <span class=\"kdk-contact-icon\">\n      <svg viewBox=\"0 0 24 24\" fill=\"none\" stroke=\"currentColor\" stroke-width=\"2\">\n        <path d=\"M22 16.92v3a2 2 0 0 1-2.18 2 19.8 19.8 0 0 1-8.63-3.07 19.5 19.5 0 0 1-6-6A19.8 19.8 0 0 1 2.08 4.18 2 2 0 0 1 4.06 2h3a2 2 0 0 1 2 1.72c.12.9.33 1.78.63 2.62a2 2 0 0 1-.45 2.11L8 9.94a16 16 0 0 0 6.06 6.06l1.49-1.24a2 2 0 0 1 2.11-.45c.84.3 1.72.51 2.62.63A2 2 0 0 1 22 16.92z\"><\/path>\n      <\/svg>\n    <\/span>\n    <a href=\"tel:+34641145968\">+34 641 14 59 68<\/a>\n  <\/div>\n\n  <!-- EMAIL -->\n  <div class=\"kdk-contact-row\">\n    <span class=\"kdk-contact-icon\">\n      <svg viewBox=\"0 0 24 24\" fill=\"none\" stroke=\"currentColor\" stroke-width=\"2\">\n        <path d=\"M4 6l8 7 8-7\"><\/path>\n        <rect x=\"3\" y=\"5\" width=\"18\" height=\"14\" rx=\"2\"><\/rect>\n      <\/svg>\n    <\/span>\n    <a href=\"mailto:simromi@simromi.org\">simromi@simromi.org<\/a>\n  <\/div>\n\n<\/div>\n<\/div>\n<\/div>\n\n\n\n<div class=\"wp-block-column kdk-footer-col is-layout-flow wp-block-column-is-layout-flow\" style=\"flex-basis:25%\">\n<h2 class=\"wp-block-heading kdk-footer-title\">LEGAL<\/h2>\n\n\n\n<ul class=\"wp-block-list kdk-footer-links\">\n<li><a href=\"https:\/\/www.simromi.org\/index.php\/politica-de-privacidad\/\" data-type=\"page\" data-id=\"1064\">Pol\u00edtica de privacidad<\/a><\/li>\n\n\n\n<li><a href=\"https:\/\/www.simromi.org\/index.php\/aviso-legal\/\" data-type=\"page\" data-id=\"1067\">Aviso legal <\/a><\/li>\n\n\n\n<li><a href=\"https:\/\/www.simromi.org\/index.php\/politica-de-cookies\/\" data-type=\"page\" data-id=\"1070\">Pol\u00edtica de cookies<\/a><\/li>\n<\/ul>\n\n\n\n<div class=\"kdk-footer-donate\">\n  <a href=\"http:\/\/www.simromi.org\/wp-content\/uploads\/2026\/04\/E-CARTERA-DE-SERVICIOS-Email.pdf\" target=\"_blank\" rel=\"noopener\" class=\"kdk-footer-donate-btn\">\n    <span class=\"kdk-btn-icon\">\n      <svg viewBox=\"0 0 24 24\" fill=\"none\" stroke=\"currentColor\" stroke-width=\"2\" stroke-linecap=\"round\" stroke-linejoin=\"round\" aria-hidden=\"true\">\n        <path d=\"M4 4h16v16H4z\"\/>\n        <path d=\"M8 8h8\"\/>\n        <path d=\"M8 12h8\"\/>\n        <path d=\"M8 16h5\"\/>\n      <\/svg>\n    <\/span>\n    <span>Cartera de servicios<\/span>\n  <\/a>\n<\/div>\n<\/div>\n<\/div>\n<\/div>\n\n\n\n<div class=\"wp-block-group kdk-footer-bottom is-layout-constrained wp-block-group-is-layout-constrained\">\n<div class=\"wp-block-columns kdk-footer-bottom-row is-layout-flex wp-container-core-columns-is-layout-28f84493 wp-block-columns-is-layout-flex\">\n<div class=\"wp-block-column is-layout-flow wp-block-column-is-layout-flow\">\n<p class=\"kdk-footer-copy\">\u00a9 2026 Sim romi \u2014 Todos los derechos reservados<\/p>\n<\/div>\n<\/div>\n<\/div>\n<\/div>\n","protected":false},"excerpt":{"rendered":"<p>Volver Excavaci\u00f3n en Barrika (CPMB) 21 Junio 2024 SOBRE LA ACTIVIDAD Visitamos un yacimiento de m\u00e1s de 40.000 a\u00f1os de [&hellip;]<\/p>\n","protected":false},"author":1,"featured_media":0,"parent":713,"menu_order":0,"comment_status":"closed","ping_status":"closed","template":"","meta":{"site-sidebar-layout":"default","site-content-layout":"","ast-site-content-layout":"default","site-content-style":"default","site-sidebar-style":"default","ast-global-header-display":"","ast-banner-title-visibility":"","ast-main-header-display":"","ast-hfb-above-header-display":"","ast-hfb-below-header-display":"","ast-hfb-mobile-header-display":"","site-post-title":"disabled","ast-breadcrumbs-content":"","ast-featured-img":"","footer-sml-layout":"","ast-disable-related-posts":"","theme-transparent-header-meta":"","adv-header-id-meta":"","stick-header-meta":"","header-above-stick-meta":"","header-main-stick-meta":"","header-below-stick-meta":"","astra-migrate-meta-layouts":"default","ast-page-background-enabled":"default","ast-page-background-meta":{"desktop":{"background-color":"var(--ast-global-color-5)","background-image":"","background-repeat":"repeat","background-position":"center center","background-size":"auto","background-attachment":"scroll","background-type":"","background-media":"","overlay-type":"","overlay-color":"","overlay-opacity":"","overlay-gradient":""},"tablet":{"background-color":"","background-image":"","background-repeat":"repeat","background-position":"center center","background-size":"auto","background-attachment":"scroll","background-type":"","background-media":"","overlay-type":"","overlay-color":"","overlay-opacity":"","overlay-gradient":""},"mobile":{"background-color":"","background-image":"","background-repeat":"repeat","background-position":"center center","background-size":"auto","background-attachment":"scroll","background-type":"","background-media":"","overlay-type":"","overlay-color":"","overlay-opacity":"","overlay-gradient":""}},"ast-content-background-meta":{"desktop":{"background-color":"var(--ast-global-color-4)","background-image":"","background-repeat":"repeat","background-position":"center center","background-size":"auto","background-attachment":"scroll","background-type":"","background-media":"","overlay-type":"","overlay-color":"","overlay-opacity":"","overlay-gradient":""},"tablet":{"background-color":"var(--ast-global-color-4)","background-image":"","background-repeat":"repeat","background-position":"center center","background-size":"auto","background-attachment":"scroll","background-type":"","background-media":"","overlay-type":"","overlay-color":"","overlay-opacity":"","overlay-gradient":""},"mobile":{"background-color":"var(--ast-global-color-4)","background-image":"","background-repeat":"repeat","background-position":"center center","background-size":"auto","background-attachment":"scroll","background-type":"","background-media":"","overlay-type":"","overlay-color":"","overlay-opacity":"","overlay-gradient":""}},"footnotes":""},"class_list":["post-2575","page","type-page","status-publish","hentry"],"_links":{"self":[{"href":"https:\/\/www.simromi.org\/index.php\/wp-json\/wp\/v2\/pages\/2575","targetHints":{"allow":["GET"]}}],"collection":[{"href":"https:\/\/www.simromi.org\/index.php\/wp-json\/wp\/v2\/pages"}],"about":[{"href":"https:\/\/www.simromi.org\/index.php\/wp-json\/wp\/v2\/types\/page"}],"author":[{"embeddable":true,"href":"https:\/\/www.simromi.org\/index.php\/wp-json\/wp\/v2\/users\/1"}],"replies":[{"embeddable":true,"href":"https:\/\/www.simromi.org\/index.php\/wp-json\/wp\/v2\/comments?post=2575"}],"version-history":[{"count":6,"href":"https:\/\/www.simromi.org\/index.php\/wp-json\/wp\/v2\/pages\/2575\/revisions"}],"predecessor-version":[{"id":2596,"href":"https:\/\/www.simromi.org\/index.php\/wp-json\/wp\/v2\/pages\/2575\/revisions\/2596"}],"up":[{"embeddable":true,"href":"https:\/\/www.simromi.org\/index.php\/wp-json\/wp\/v2\/pages\/713"}],"wp:attachment":[{"href":"https:\/\/www.simromi.org\/index.php\/wp-json\/wp\/v2\/media?parent=2575"}],"curies":[{"name":"wp","href":"https:\/\/api.w.org\/{rel}","templated":true}]}}